{"id":802,"date":"2021-01-31T17:53:38","date_gmt":"2021-01-31T14:53:38","guid":{"rendered":"https:\/\/oberlanposse.com.ar\/web\/?page_id=802"},"modified":"2021-01-31T19:37:41","modified_gmt":"2021-01-31T16:37:41","slug":"servicios","status":"publish","type":"page","link":"https:\/\/oberlanposse.com.ar\/web\/servicios\/","title":{"rendered":"Servicios"},"content":{"rendered":"\n<div class=\"wp-block-themeisle-blocks-service\">\n<div id=\"wp-block-themeisle-blocks-button-group-0e6a5baf\" class=\"wp-block-themeisle-blocks-button-group wp-block-buttons align-center\"><\/div>\n<\/div>\n\n\n\n<div class=\"wp-block-themeisle-blocks-service\">\n<div class=\"wp-block-columns is-layout-flex wp-container-core-columns-is-layout-9d6595d7 wp-block-columns-is-layout-flex\">\n<div class=\"wp-block-column is-layout-flow wp-block-column-is-layout-flow\">\n<div class=\"wp-block-themeisle-blocks-service\">\n<p class=\"wp-block-themeisle-blocks-font-awesome-icons\" id=\"wp-block-themeisle-blocks-font-awesome-icons-03bcc756\"><span class=\"wp-block-themeisle-blocks-font-awesome-icons-container\"><svg xmlns=\"http:\/\/www.w3.org\/2000\/svg\" viewbox=\"0 0 1800 1800\" role=\"img\" aria-hidden=\"true\"><path d=\"M1718.199,2.029H81.579c-43.977,0-79.754,35.772-79.754,79.741v1636.633 c0,43.973,35.777,79.749,79.754,79.749h1636.62c43.969,0,79.745-35.776,79.745-79.749V81.77 C1797.944,37.801,1762.168,2.029,1718.199,2.029z M1734.873,1718.402c0,9.195-7.479,16.679-16.674,16.679H81.579 c-9.204,0-16.683-7.483-16.683-16.679V340.556h1669.977V1718.402z M1734.873,277.485H64.896V81.77c0-9.19,7.479-16.67,16.683-16.67 h1636.62c9.194,0,16.674,7.479,16.674,16.67V277.485z\"><\/path><circle cx=\"201.36\" cy=\"168.237\" r=\"50.682\"><\/circle><circle cx=\"361.29\" cy=\"168.237\" r=\"50.682\"><\/circle><circle cx=\"521.221\" cy=\"168.237\" r=\"50.682\"><\/circle><path d=\"M691.019,1349.104c4.712,2.503,9.771,3.687,14.76,3.687c11.293,0,22.218-6.085,27.884-16.753 l362.28-682.476c8.166-15.385,2.314-34.475-13.066-42.64c-15.385-8.166-34.474-2.31-42.639,13.067l-362.291,682.476 C669.782,1321.85,675.634,1340.939,691.019,1349.104z\"><\/path><path d=\"M281.378,967.035c0.018,0.29,0.062,0.576,0.083,0.871c0.181,2.38,0.647,4.765,1.395,7.114 c0.105,0.325,0.184,0.659,0.299,0.984c0.136,0.388,0.317,0.771,0.471,1.153c0.233,0.599,0.466,1.193,0.739,1.773 c0.021,0.048,0.04,0.102,0.066,0.153c0.057,0.124,0.141,0.229,0.202,0.353c0.537,1.091,1.144,2.143,1.804,3.162 c0.176,0.282,0.352,0.561,0.542,0.832c0.743,1.078,1.544,2.12,2.424,3.103c0.163,0.18,0.338,0.339,0.501,0.514 c0.739,0.788,1.526,1.541,2.354,2.254c0.303,0.259,0.603,0.515,0.911,0.765c0.858,0.688,1.75,1.333,2.692,1.936 c0.176,0.115,0.344,0.247,0.524,0.356c0.928,0.567,1.888,1.091,2.891,1.57l315.32,150.776c4.391,2.098,9.019,3.092,13.581,3.092 c11.769,0,23.058-6.616,28.469-17.941c7.515-15.71,0.871-34.54-14.844-42.055L385.988,965.481l255.813-122.323 c15.715-7.514,22.359-26.344,14.844-42.055c-7.51-15.714-26.344-22.367-42.05-14.848L299.592,936.882 c-0.009,0.004-0.018,0.004-0.022,0.008l-0.295,0.141c-0.264,0.128-0.501,0.282-0.761,0.414c-0.633,0.321-1.263,0.646-1.874,1.016 c-0.356,0.212-0.69,0.449-1.038,0.678c-0.515,0.335-1.034,0.674-1.536,1.042c-0.37,0.274-0.712,0.573-1.074,0.859 c-0.44,0.36-0.879,0.712-1.307,1.1c-0.356,0.325-0.695,0.673-1.033,1.012c-0.388,0.383-0.774,0.761-1.145,1.166 c-0.343,0.383-0.66,0.779-0.981,1.175c-0.33,0.396-0.66,0.787-0.968,1.205c-0.334,0.453-0.638,0.919-0.946,1.391 c-0.255,0.392-0.528,0.774-0.77,1.179c-0.331,0.55-0.621,1.117-0.911,1.681c-0.167,0.317-0.352,0.607-0.501,0.928 c-0.026,0.054-0.044,0.103-0.066,0.154c-0.273,0.581-0.506,1.175-0.739,1.769c-0.154,0.388-0.335,0.77-0.471,1.157 c-0.115,0.325-0.194,0.66-0.299,0.99c-0.748,2.345-1.214,4.729-1.395,7.109c-0.022,0.291-0.066,0.581-0.083,0.872 c-0.027,0.518-0.005,1.037-0.005,1.556C281.373,965.997,281.351,966.512,281.378,967.035z\"><\/path><path d=\"M1117.246,1129.855c5.411,11.325,16.705,17.941,28.474,17.941c4.558,0,9.19-0.994,13.576-3.092 l315.321-150.776c1.003-0.479,1.967-1.003,2.89-1.57c0.181-0.109,0.349-0.241,0.523-0.356c0.942-0.603,1.839-1.248,2.692-1.936 c0.313-0.25,0.612-0.506,0.916-0.765c0.826-0.713,1.61-1.466,2.35-2.254c0.166-0.175,0.343-0.334,0.501-0.514 c0.88-0.982,1.681-2.024,2.429-3.103c0.184-0.271,0.361-0.55,0.54-0.832c0.661-1.02,1.268-2.071,1.805-3.162 c0.063-0.124,0.145-0.229,0.202-0.353c0.022-0.052,0.039-0.105,0.065-0.153c0.274-0.58,0.503-1.175,0.74-1.773 c0.153-0.383,0.334-0.766,0.47-1.153c0.115-0.325,0.193-0.659,0.301-0.984c0.746-2.35,1.209-4.734,1.393-7.114 c0.022-0.295,0.066-0.581,0.081-0.871c0.026-0.523,0.008-1.038,0.008-1.554c0-0.519,0.019-1.038-0.008-1.556 c-0.015-0.291-0.059-0.581-0.081-0.872c-0.184-2.381-0.646-4.765-1.393-7.109c-0.107-0.33-0.186-0.665-0.301-0.99 c-0.136-0.388-0.316-0.77-0.47-1.157c-0.237-0.594-0.466-1.188-0.74-1.769c-0.026-0.052-0.043-0.101-0.065-0.154 c-0.154-0.32-0.34-0.616-0.506-0.928c-0.291-0.567-0.58-1.131-0.906-1.681c-0.246-0.408-0.52-0.802-0.783-1.197 c-0.304-0.457-0.599-0.923-0.933-1.368c-0.316-0.427-0.655-0.831-0.994-1.236c-0.308-0.383-0.616-0.77-0.95-1.135 c-0.383-0.427-0.787-0.822-1.192-1.224c-0.321-0.319-0.638-0.646-0.973-0.954c-0.458-0.413-0.938-0.796-1.417-1.183 c-0.315-0.256-0.624-0.523-0.954-0.767c-0.559-0.418-1.14-0.795-1.72-1.174c-0.281-0.181-0.555-0.375-0.841-0.546 c-0.712-0.431-1.447-0.818-2.195-1.192c-0.167-0.079-0.316-0.18-0.483-0.26l-0.186-0.088c-0.062-0.03-0.132-0.065-0.197-0.097 l-314.938-150.59c-15.696-7.51-34.536-0.863-42.05,14.848c-7.515,15.711-0.867,34.541,14.844,42.055l255.817,122.323 l-255.817,122.319C1116.379,1095.315,1109.731,1114.146,1117.246,1129.855z\"><\/path><\/svg><\/span><\/p>\n\n\n\n<h4 id=\"wp-block-themeisle-blocks-advanced-heading-1fc90445\" class=\"wp-block-themeisle-blocks-advanced-heading wp-block-themeisle-blocks-advanced-heading-1fc90445\">Desarrollo de Software<\/h4>\n\n\n\n<p id=\"wp-block-themeisle-blocks-advanced-heading-02142530\" class=\"wp-block-themeisle-blocks-advanced-heading wp-block-themeisle-blocks-advanced-heading-02142530\">Utilizamos tecnolog\u00edas libres para llevar adelante la ejecuci\u00f3n de tus ideas.<\/p>\n<\/div>\n<\/div>\n\n\n\n<div class=\"wp-block-column is-layout-flow wp-block-column-is-layout-flow\">\n<div class=\"wp-block-themeisle-blocks-service\">\n<p class=\"wp-block-themeisle-blocks-font-awesome-icons\" id=\"wp-block-themeisle-blocks-font-awesome-icons-329954d5\"><span class=\"wp-block-themeisle-blocks-font-awesome-icons-container\"><svg xmlns=\"http:\/\/www.w3.org\/2000\/svg\" viewbox=\"0 0 1800 1800\" role=\"img\" aria-hidden=\"true\"><path d=\"M1541.606,1540.146l0.009-0.008c35.598-35.594,35.598-93.52,0-129.121 c-17.24-17.236-40.178-26.745-64.569-26.745c-24.378,0-47.314,9.509-64.564,26.763c-35.588,35.584-35.588,93.51,0.009,129.104 C1448.096,1575.73,1506.014,1575.73,1541.606,1540.146z M1440.885,1511.743c-9.656-9.655-14.975-22.498-14.975-36.165 c0-13.659,5.318-26.511,14.975-36.167c9.665-9.655,22.512-14.979,36.175-14.979c13.659,0,26.497,5.323,36.161,14.979 c19.938,19.945,19.938,52.387-0.008,72.332C1493.271,1531.689,1460.831,1531.681,1440.885,1511.743z\"><\/path><path d=\"M1700.934,402.736c0.021-0.026,0.047-0.043,0.068-0.065c0.044-0.043,0.083-0.091,0.127-0.134l5.504-5.505 l-0.138-0.139c81.836-87.814,80.038-225.814-5.507-311.356c-42.353-42.357-98.664-65.685-158.565-65.685 c-57.228,0-111.154,21.339-152.792,60.18l-0.134-0.134l-5.511,5.507c-0.043,0.046-0.09,0.085-0.134,0.131 c-0.021,0.021-0.039,0.045-0.061,0.069L66.371,1403.02l0.513,0.513c-7.364,4.749-12.699,12.548-13.98,21.907L9.578,1741.903 c-1.319,9.647,1.95,19.347,8.831,26.232c5.875,5.87,13.807,9.108,22.004,9.108c1.402,0,2.813-0.095,4.224-0.286l316.451-43.338 c9.365-1.276,17.163-6.617,21.912-13.98l0.512,0.513L1700.934,402.736z M1542.423,82.094c43.272,0,83.954,16.852,114.551,47.452 c55.643,55.638,62.276,142.02,19.897,204.983L1451.973,109.64C1478.482,91.724,1509.717,82.094,1542.423,82.094z M1389.497,167.919l229.113,229.112L383.512,1632.129l-86.195-86.19l991.423-991.409l-59.351-59.342l-991.41,991.418 l-83.585-83.586L1389.497,167.919z M76.804,1709.731l35.68-260.604l224.915,224.916L76.804,1709.731z\"><\/path><path d=\"M506.941,804.479l56.789-56.789l-454.446-454.45l185.432-185.437l87.924,87.932l-63.792,63.783 l50.362,50.359l63.792-63.779l51.262,51.258l-63.792,63.788l50.363,50.354l63.797-63.779l51.257,51.267l-94.375,94.353 l50.376,50.363l94.362-94.362l62.502,62.498l-63.792,63.801l50.363,50.354l63.792-63.792l0.043,0.047l56.789-56.789 L323.106,22.622c-15.682-15.686-41.102-15.686-56.784,0L24.102,264.845c-15.687,15.683-15.687,41.107,0,56.789L506.941,804.479z\"><\/path><path d=\"M1778.944,1478.287c-0.726-0.729-1.478-1.424-2.241-2.085l-505.282-505.273l-151.159,151.159l50.259,50.26 l94.371-94.37l428.79,428.782l-185.441,185.432l-479.045-479.041l-56.789,56.798l507.437,507.427 c15.682,15.69,41.102,15.69,56.788,0l242.234-242.213c0.021-0.034,0.048-0.052,0.079-0.086 C1794.63,1519.402,1794.63,1493.969,1778.944,1478.287z\"><\/path><\/svg><\/span><\/p>\n\n\n\n<h4 id=\"wp-block-themeisle-blocks-advanced-heading-7cab7736\" class=\"wp-block-themeisle-blocks-advanced-heading wp-block-themeisle-blocks-advanced-heading-7cab7736\">Dise\u00f1o Web<\/h4>\n\n\n\n<p id=\"wp-block-themeisle-blocks-advanced-heading-0112742d\" class=\"wp-block-themeisle-blocks-advanced-heading wp-block-themeisle-blocks-advanced-heading-0112742d\">Posicionamos tu imagen institucional en la web logrando llegar a m\u00e1s personas.<\/p>\n<\/div>\n<\/div>\n\n\n\n<div class=\"wp-block-column is-layout-flow wp-block-column-is-layout-flow\">\n<div class=\"wp-block-themeisle-blocks-service\">\n<p class=\"wp-block-themeisle-blocks-font-awesome-icons\" id=\"wp-block-themeisle-blocks-font-awesome-icons-df525ad1\"><span class=\"wp-block-themeisle-blocks-font-awesome-icons-container\"><svg xmlns=\"http:\/\/www.w3.org\/2000\/svg\" viewbox=\"0 0 1800 1800\" role=\"img\" aria-hidden=\"true\"><path d=\"M1782.237,564.721L917.14,6.075c-10.442-6.742-23.85-6.738-34.283,0L17.763,564.721 c-9.009,5.818-14.453,15.813-14.453,26.541s5.443,20.723,14.453,26.541L316.79,810.904c-0.313,1.79-0.506,3.619-0.506,5.499 v365.474c0,70.584,64.633,134.248,181.99,179.271c107.807,41.356,250.473,64.136,401.725,64.136s293.923-22.779,401.729-64.136 c117.357-45.023,181.99-108.688,181.99-179.271V816.403c0-1.88-0.193-3.708-0.51-5.499l105.36-68.036v585.294 c-32.948,12.732-56.419,44.662-56.419,82.047c0,36.23,22.017,67.401,53.364,80.881l-61.275,269.287 c-2.134,9.371,0.114,19.205,6.108,26.72c5.994,7.511,15.084,11.883,24.696,11.883h130.237c0.021,0,0.052,0,0.088,0 c17.449,0,31.594-14.14,31.594-31.594c0-3.271-0.494-6.427-1.42-9.397l-60.732-266.898c31.348-13.479,53.362-44.65,53.362-80.881 c0-37.385-23.469-69.314-56.417-82.047v-626.1l130.483-84.26c9.01-5.818,14.453-15.813,14.453-26.541 S1791.247,570.539,1782.237,564.721z M1620.16,1435.033c-13.689,0-24.823-11.134-24.823-24.824 c0-13.685,11.134-24.824,24.823-24.824s24.824,11.14,24.824,24.824C1644.984,1423.899,1633.85,1435.033,1620.16,1435.033z M1594.631,1735.791l25.529-112.182l25.529,112.182H1594.631z M1420.529,1181.877c0,85.244-213.773,180.219-520.531,180.219 c-306.753,0-520.527-94.975-520.527-180.219V851.38l503.386,325.071c5.218,3.372,11.178,5.056,17.141,5.056 c5.959,0,11.923-1.684,17.142-5.056l503.39-325.071V1181.877z M899.998,1112.302L93.142,591.261L899.998,70.223l806.86,521.039 L899.998,1112.302z\"><\/path><path d=\"M787.935,591.261c0,61.795,50.273,112.068,112.063,112.068c61.795,0,112.068-50.273,112.068-112.068 c0-61.792-50.273-112.063-112.068-112.063C838.208,479.198,787.935,529.469,787.935,591.261z M948.878,591.261 c0,26.953-21.927,48.88-48.88,48.88c-26.952,0-48.876-21.927-48.876-48.88c0-26.95,21.924-48.876,48.876-48.876 C926.951,542.385,948.878,564.311,948.878,591.261z\"><\/path><\/svg><\/span><\/p>\n\n\n\n<h4 id=\"wp-block-themeisle-blocks-advanced-heading-350259b3\" class=\"wp-block-themeisle-blocks-advanced-heading wp-block-themeisle-blocks-advanced-heading-350259b3\">Capacitaciones<\/h4>\n\n\n\n<p id=\"wp-block-themeisle-blocks-advanced-heading-259389ff\" class=\"wp-block-themeisle-blocks-advanced-heading wp-block-themeisle-blocks-advanced-heading-259389ff\">Contamos con un grupo de profesores\/as capacitados\/as, brind\u00e1ndote formaci\u00f3n continua en tecnolog\u00eda.<\/p>\n<\/div>\n<\/div>\n<\/div>\n\n\n\n<div class=\"wp-block-columns is-layout-flex wp-container-core-columns-is-layout-9d6595d7 wp-block-columns-is-layout-flex\">\n<div class=\"wp-block-column is-layout-flow wp-block-column-is-layout-flow\">\n<div class=\"wp-block-themeisle-blocks-service\">\n<p class=\"wp-block-themeisle-blocks-font-awesome-icons\" id=\"wp-block-themeisle-blocks-font-awesome-icons-72d9ad3f\"><span class=\"wp-block-themeisle-blocks-font-awesome-icons-container\"><svg xmlns=\"http:\/\/www.w3.org\/2000\/svg\" viewbox=\"0 0 1800 1800\" role=\"img\" aria-hidden=\"true\"><path d=\"M1478.793,1242.979c0.031,0.006,0.061,0.006,0.094,0h3.281c13.289,0,25.162-8.314,29.709-20.8 l283.908-780.039c3.529-9.694,2.104-20.5-3.811-28.951c-5.919-8.447-15.582-13.479-25.899-13.479H1194.88H883.583H334.239 L263.73,208.149c-0.066-0.181-0.155-0.349-0.225-0.53c-0.238-0.609-0.494-1.204-0.768-1.791c-0.181-0.397-0.366-0.79-0.564-1.177 c-0.255-0.499-0.524-0.984-0.807-1.465c-0.261-0.45-0.525-0.896-0.807-1.332c-0.251-0.384-0.516-0.758-0.781-1.129 c-0.348-0.484-0.697-0.965-1.067-1.424c-0.247-0.309-0.507-0.609-0.763-0.904c-0.415-0.476-0.833-0.948-1.27-1.398 c-0.274-0.278-0.561-0.542-0.843-0.812c-0.446-0.423-0.887-0.838-1.354-1.235c-0.335-0.282-0.688-0.551-1.032-0.821 c-0.437-0.334-0.874-0.675-1.323-0.987c-0.423-0.296-0.86-0.569-1.297-0.842c-0.401-0.251-0.803-0.503-1.212-0.736 c-0.508-0.287-1.028-0.547-1.549-0.807c-0.375-0.186-0.745-0.375-1.129-0.543c-0.555-0.247-1.121-0.468-1.693-0.688 c-0.384-0.145-0.768-0.291-1.156-0.423c-0.555-0.186-1.111-0.344-1.675-0.499c-0.451-0.124-0.9-0.242-1.35-0.348 c-0.507-0.115-1.015-0.208-1.53-0.3c-0.542-0.093-1.089-0.181-1.641-0.248c-0.441-0.052-0.882-0.097-1.328-0.128 c-0.635-0.052-1.271-0.083-1.905-0.097c-0.203-0.004-0.397-0.031-0.601-0.031H33.923c-17.461,0-31.615,14.153-31.615,31.615 c0,17.461,14.154,31.615,31.615,31.615h178.083L300.272,490.5l255.975,703.281c-0.123,0.308-0.273,0.604-0.393,0.921 l-86.934,236.188c-0.542,1.473-0.93,2.965-1.243,4.46c-1.821,3.996-2.862,8.42-2.862,13.095c0,17.461,14.154,31.616,31.615,31.616 h123.754c11.622,74.937,76.572,132.486,154.716,132.486c78.143,0,143.094-57.55,154.716-132.486h217.104 c11.621,74.937,76.574,132.486,154.717,132.486c78.144,0,143.093-57.55,154.716-132.486h87.688 c17.463,0,31.615-14.155,31.615-31.616c0-17.462-14.152-31.615-31.615-31.615h-90.789 c-17.421-67.456-78.792-117.429-151.614-117.429c-72.824,0-134.194,49.973-151.616,117.429H926.521 c-17.432-67.456-78.8-117.429-151.62-117.429c-72.819,0-134.189,49.973-151.62,117.429h-81.803l63.989-173.85H1478.793z M1216.813,1416.829c14.844-31.941,47.146-54.197,84.624-54.197c37.477,0,69.78,22.256,84.622,54.197 c5.539,11.921,8.72,25.153,8.72,39.145c0,8.341-1.205,16.386-3.264,24.087c-10.665,39.81-46.952,69.256-90.078,69.256 c-43.128,0-79.414-29.446-90.077-69.256c-2.061-7.701-3.265-15.746-3.265-24.087 C1208.096,1441.982,1211.274,1428.75,1216.813,1416.829z M690.278,1416.829c14.838-31.941,47.146-54.197,84.623-54.197 c37.477,0,69.785,22.256,84.622,54.197c5.541,11.921,8.72,25.153,8.72,39.145c0,8.341-1.203,16.386-3.267,24.087 c-10.661,39.81-46.947,69.256-90.075,69.256c-43.126,0-79.414-29.446-90.074-69.256c-2.064-7.701-3.268-15.746-3.268-24.087 C681.559,1441.982,684.739,1428.75,690.278,1416.829z M644.822,1179.748h-26.389l-20.453-56.187l-49.751-136.69h255.596v192.877 H644.822z M1553.244,923.641h-289.426V723.412h362.303L1553.244,923.641z M1200.588,923.641H867.055V723.412h333.533V923.641z M803.825,923.641H525.214l-72.876-200.229h351.487V923.641z M867.055,1179.748V986.871h333.533v192.877H867.055z M1480.479,1123.562l-20.449,56.187h-26.389h-169.822V986.871h266.412L1480.479,1123.562z M1649.132,660.181h-385.313V462.942 h457.104L1649.132,660.181z M905.72,462.942h267.024h27.844v197.239H867.055V462.942H905.72z M357.535,462.942h446.29v197.239 H429.327l-69.625-191.293c-0.005-0.004-0.005-0.004-0.005-0.004l-0.04-0.11L357.535,462.942z\"><\/path><\/svg><\/span><\/p>\n\n\n\n<h4 id=\"wp-block-themeisle-blocks-advanced-heading-b9add48f\" class=\"wp-block-themeisle-blocks-advanced-heading wp-block-themeisle-blocks-advanced-heading-b9add48f\">Tienda Online<\/h4>\n\n\n\n<p id=\"wp-block-themeisle-blocks-advanced-heading-07c17d3a\" class=\"wp-block-themeisle-blocks-advanced-heading wp-block-themeisle-blocks-advanced-heading-07c17d3a\">Montamos tu negocio en Internet, llegando a un mayor publico aumentando tus ventas.<\/p>\n\n\n\n<p><\/p>\n<\/div>\n<\/div>\n\n\n\n<div class=\"wp-block-column is-layout-flow wp-block-column-is-layout-flow\">\n<div class=\"wp-block-themeisle-blocks-service\">\n<p class=\"wp-block-themeisle-blocks-font-awesome-icons\" id=\"wp-block-themeisle-blocks-font-awesome-icons-08368e77\"><span class=\"wp-block-themeisle-blocks-font-awesome-icons-container\"><svg xmlns=\"http:\/\/www.w3.org\/2000\/svg\" viewbox=\"0 0 1800 1800\" role=\"img\" aria-hidden=\"true\"><path d=\"M803.722,820.892l-247.878-247.87l71.705-71.702l247.875,247.871l40.808-40.802L655.949,448.104 l74.925-74.921c0.596-0.596,1.147-1.216,1.682-1.86c0.592-0.499,1.175-1.006,1.735-1.562l135.512-135.512 c11.126-11.12,11.292-29.106,0.366-40.43l-1.538-1.606c-1.284-1.349-2.572-2.693-3.893-4.018 C796.995,120.454,709.056,80.01,629.497,80.01c-53.655,0-99.814,17.796-133.483,51.468c-0.733,0.73-1.409,1.503-2.053,2.3 c-0.443,0.388-0.89,0.765-1.309,1.183L185.294,442.324c-11.267,11.271-11.267,29.539,0,40.81l45.403,45.399l-37.493,37.493 l-45.403-45.408c-5.414-5.41-12.752-8.453-20.405-8.453c-7.652,0-14.99,3.043-20.404,8.453L12.869,614.75 c-11.268,11.271-11.268,29.538,0,40.802l197.415,197.416c5.414,5.41,12.752,8.454,20.404,8.454c7.653,0,14.995-3.043,20.405-8.454 l94.115-94.13c11.268-11.264,11.268-29.531,0-40.802l-45.395-45.399l37.493-37.493l45.395,45.399 c5.636,5.636,13.019,8.446,20.405,8.446c7.383,0,14.77-2.818,20.401-8.446l79.124-79.124l260.285,260.285L803.722,820.892z M629.497,137.719c58.812,0,124.33,28.287,178.733,76.497l-94.34,94.334L559.981,154.64 C579.485,143.503,603.046,137.719,629.497,137.719z M230.688,791.756L74.079,635.15l53.317-53.321l156.602,156.605 L230.688,791.756z M261.089,629.749l-24.999-24.999l35.408-35.408l24.998,24.998L261.089,629.749z M403.106,619.331 L246.505,462.725L513.058,196.17l156.609,156.612L403.106,619.331z\"><\/path><path d=\"M1763.996,1556.146l-593.695-593.688l-40.803,40.801l573.296,573.296l-71.701,71.709l-573.303-573.303 l-40.803,40.81l593.704,593.705c5.41,5.408,12.752,8.452,20.401,8.452c7.657,0,14.999-3.044,20.409-8.452l112.502-112.521 C1775.268,1585.686,1775.268,1567.418,1763.996,1556.146z\"><\/path><path d=\"M1780.444,264.271c-3.269-9.372-11.135-16.4-20.812-18.614c-9.67-2.206-19.806,0.708-26.825,7.729 l-116.585,116.576l-109.307-109.315l116.585-116.57c7.02-7.021,9.942-17.156,7.729-26.833c-2.214-9.679-9.243-17.541-18.614-20.814 c-29.071-10.149-59.48-15.298-90.379-15.298c-73.062,0-141.743,28.449-193.397,80.104c-51.671,51.66-80.123,120.344-80.123,193.406 c0,35.343,6.723,69.648,19.442,101.514l-736.242,736.236c-31.861-12.721-66.158-19.435-101.497-19.435 c-73.058,0-141.744,28.452-193.407,80.115c-73.802,73.801-99.243,185.193-64.809,283.775c3.272,9.372,11.134,16.4,20.812,18.614 c9.673,2.206,19.809-0.7,26.833-7.72l116.581-116.586l109.315,109.299l-116.585,116.586c-7.021,7.02-9.938,17.155-7.729,26.833 c2.214,9.677,9.242,17.534,18.613,20.812c29.064,10.152,59.468,15.296,90.372,15.304c0.008,0,0.008,0,0.016,0 c73.042,0,141.728-28.46,193.39-80.122c79.559-79.566,99.726-196.352,60.563-294.822l736.347-736.333 c31.865,12.728,66.162,19.443,101.506,19.443c0.008,0,0,0,0.008,0c73.046,0,141.736-28.444,193.391-80.106 C1789.438,474.246,1814.878,362.854,1780.444,264.271z M583.011,1599.065c-40.762,40.763-94.948,63.216-152.58,63.216 c0,0-0.012,0-0.016,0c-7.915-0.008-15.792-0.436-23.602-1.28l100.137-100.138c5.414-5.417,8.454-12.752,8.454-20.408 c0-7.648-3.04-14.99-8.454-20.4L356.83,1369.946c-11.263-11.264-29.535-11.264-40.806,0l-100.072,100.072 c-6.835-64.134,15.333-129.603,61.871-176.146c40.762-40.762,94.952-63.207,152.597-63.207c57.64,0,111.83,22.445,152.588,63.215 C667.146,1378.013,667.146,1514.926,583.011,1599.065z M659.282,1288.535l-70.945-70.951l702.501-702.488l70.953,70.944 L659.282,1288.535z M1674.832,507.246c-40.761,40.753-94.951,63.199-152.596,63.199S1410.394,548,1369.632,507.238 c-40.753-40.762-63.207-94.953-63.207-152.597s22.454-111.834,63.216-152.598c40.753-40.758,94.951-63.204,152.596-63.204 c7.922,0,15.796,0.429,23.605,1.28l-100.137,100.127c-5.411,5.41-8.453,12.752-8.453,20.4c0,7.657,3.042,14.991,8.453,20.401 l150.108,150.117c11.271,11.271,29.547,11.271,40.81,0.008l100.072-100.073C1743.531,395.234,1721.367,460.704,1674.832,507.246z\"><\/path><\/svg><\/span><\/p>\n\n\n\n<h4 id=\"wp-block-themeisle-blocks-advanced-heading-0dde37b9\" class=\"wp-block-themeisle-blocks-advanced-heading wp-block-themeisle-blocks-advanced-heading-0dde37b9\">Mantenimiento<\/h4>\n\n\n\n<p id=\"wp-block-themeisle-blocks-advanced-heading-6c4adddf\" class=\"wp-block-themeisle-blocks-advanced-heading wp-block-themeisle-blocks-advanced-heading-6c4adddf\">Realizamos mantenimiento preventivo y correctivo de tu infraestructura tecnol\u00f3gica.<\/p>\n<\/div>\n<\/div>\n\n\n\n<div class=\"wp-block-column is-layout-flow wp-block-column-is-layout-flow\">\n<div class=\"wp-block-themeisle-blocks-service\">\n<p class=\"wp-block-themeisle-blocks-font-awesome-icons\" id=\"wp-block-themeisle-blocks-font-awesome-icons-e09aaea7\"><span class=\"wp-block-themeisle-blocks-font-awesome-icons-container\"><svg xmlns=\"http:\/\/www.w3.org\/2000\/svg\" viewbox=\"0 0 1800 1800\" role=\"img\" aria-hidden=\"true\"><path d=\"M357.063,742.307c-17.305,0-31.331,14.026-31.331,31.331s14.026,31.331,31.331,31.331 c27.835,0,93.081,33.661,93.081,98.938c0,17.305,14.026,31.331,31.331,31.331s31.332-14.026,31.332-31.331 C512.807,797.809,411.417,742.307,357.063,742.307z\"><\/path><path d=\"M1453.625,177.815c27.835,0,93.08,33.661,93.08,98.938c0,17.305,14.027,31.331,31.332,31.331 s31.331-14.026,31.331-31.331c0-106.097-101.39-161.6-155.743-161.6c-17.305,0-31.33,14.026-31.33,31.331 S1436.32,177.815,1453.625,177.815z\"><\/path><path d=\"M1447.975,1261.85c-46.434,0-92.324,12.361-132.713,35.751c-31.903,18.476-58.501,42.634-79.293,70.451 L597.875,998.547c3.899-9.809,7.317-19.871,10.075-30.226c15.53-58.261,10.889-118.681-12.702-173.188l636.708-368.71 c49.41,69.459,130.26,111.727,216.465,111.727c46.433,0,92.319-12.361,132.707-35.75c61.316-35.505,105.136-92.766,123.385-161.232 c18.248-68.463,8.742-139.933-26.764-201.249C1630.467,58.27,1542.422,7.544,1447.979,7.544c-46.434,0-92.324,12.361-132.712,35.75 c-115.368,66.811-161.543,207.81-113.322,328.1L563.833,740.916c-49.707-66.172-128.52-106.219-212.417-106.219 c-46.428,0-92.324,12.361-132.711,35.75C92.13,743.749,48.787,906.358,122.084,1032.934 c47.281,81.649,135.326,132.37,229.77,132.37c46.438,0,92.324-12.36,132.712-35.75c33.473-19.381,61.679-45.284,83.407-75.915 l636.673,368.684c-31.921,74.42-29.608,162.465,13.996,237.764c47.28,81.65,135.325,132.371,229.774,132.371 c46.432,0,92.318-12.361,132.707-35.75c61.316-35.506,105.135-92.766,123.384-161.232c18.249-68.463,8.742-139.934-26.763-201.249 C1630.463,1312.575,1542.418,1261.85,1447.975,1261.85z M1346.668,97.521c30.859-17.868,65.893-27.314,101.311-27.314 c72.164,0,139.426,38.745,175.543,101.114c27.117,46.831,34.378,101.42,20.438,153.71c-13.935,52.29-47.403,96.026-94.233,123.144 c-30.855,17.869-65.889,27.314-101.307,27.314c-72.165,0-139.43-38.744-175.547-101.109 C1216.893,277.706,1249.994,153.504,1346.668,97.521z M453.164,1075.327c-30.859,17.868-65.888,27.314-101.311,27.314 c-72.165,0-139.426-38.745-175.543-101.11c-55.979-96.672-22.873-220.874,73.795-276.857 c30.859-17.869,65.888-27.314,101.311-27.314c72.165,0,139.426,38.744,175.543,101.114c27.117,46.831,34.377,101.42,20.438,153.71 C533.464,1004.474,499.995,1048.209,453.164,1075.327z M1643.955,1579.336c-13.934,52.291-47.402,96.027-94.233,123.145 c-30.854,17.868-65.888,27.314-101.306,27.314c-72.166,0-139.431-38.744-175.548-101.109 c-55.979-96.674-22.878-220.875,73.795-276.859c30.859-17.867,65.893-27.313,101.312-27.313 c72.164,0,139.425,38.744,175.543,101.114C1650.635,1472.457,1657.895,1527.047,1643.955,1579.336z\"><\/path><path d=\"M1453.621,1369.459c-17.305,0-31.331,14.027-31.331,31.332s14.026,31.331,31.331,31.331 c27.834,0,93.08,33.661,93.08,98.937c0,17.305,14.027,31.332,31.332,31.332s31.33-14.027,31.33-31.332 C1609.363,1424.963,1507.975,1369.459,1453.621,1369.459z\"><\/path><\/svg><\/span><\/p>\n\n\n\n<h4 id=\"wp-block-themeisle-blocks-advanced-heading-2c5d237f\" class=\"wp-block-themeisle-blocks-advanced-heading wp-block-themeisle-blocks-advanced-heading-2c5d237f\">Redes Inform\u00e1ticas<\/h4>\n\n\n\n<p id=\"wp-block-themeisle-blocks-advanced-heading-a8174a6b\" class=\"wp-block-themeisle-blocks-advanced-heading wp-block-themeisle-blocks-advanced-heading-a8174a6b\">Planificamos el trazado y montaje de tus redes inform\u00e1ticas garantizando la seguridad de los datos.<\/p>\n<\/div>\n<\/div>\n<\/div>\n\n\n\n<div class=\"wp-block-buttons aligncenter is-layout-flex wp-block-buttons-is-layout-flex\">\n<div class=\"wp-block-button\"><a class=\"wp-block-button__link\">solicitar presupuesto<\/a><\/div>\n<\/div>\n\n\n\n<p><\/p>\n<\/div>\n\n\n\n<p><\/p>\n","protected":false},"excerpt":{"rendered":"","protected":false},"author":1,"featured_media":0,"parent":0,"menu_order":0,"comment_status":"closed","ping_status":"closed","template":"","meta":{"neve_meta_sidebar":"full-width","neve_meta_container":"","neve_meta_enable_content_width":"on","neve_meta_content_width":100,"neve_meta_title_alignment":"","neve_meta_author_avatar":"","neve_post_elements_order":"","neve_meta_disable_header":"","neve_meta_disable_footer":"","neve_meta_disable_title":"","_themeisle_gutenberg_block_has_review":false,"_ti_tpc_template_sync":false,"_ti_tpc_template_id":"","footnotes":""},"class_list":["post-802","page","type-page","status-publish","hentry"],"blog_post_layout_featured_media_urls":{"thumbnail":"","full":""},"categories_names":null,"comments_number":"0","amp_enabled":true,"_links":{"self":[{"href":"https:\/\/oberlanposse.com.ar\/web\/wp-json\/wp\/v2\/pages\/802","targetHints":{"allow":["GET"]}}],"collection":[{"href":"https:\/\/oberlanposse.com.ar\/web\/wp-json\/wp\/v2\/pages"}],"about":[{"href":"https:\/\/oberlanposse.com.ar\/web\/wp-json\/wp\/v2\/types\/page"}],"author":[{"embeddable":true,"href":"https:\/\/oberlanposse.com.ar\/web\/wp-json\/wp\/v2\/users\/1"}],"replies":[{"embeddable":true,"href":"https:\/\/oberlanposse.com.ar\/web\/wp-json\/wp\/v2\/comments?post=802"}],"version-history":[{"count":8,"href":"https:\/\/oberlanposse.com.ar\/web\/wp-json\/wp\/v2\/pages\/802\/revisions"}],"predecessor-version":[{"id":830,"href":"https:\/\/oberlanposse.com.ar\/web\/wp-json\/wp\/v2\/pages\/802\/revisions\/830"}],"wp:attachment":[{"href":"https:\/\/oberlanposse.com.ar\/web\/wp-json\/wp\/v2\/media?parent=802"}],"curies":[{"name":"wp","href":"https:\/\/api.w.org\/{rel}","templated":true}]}}